{"id":1617,"date":"2018-01-14T19:44:46","date_gmt":"2018-01-14T18:44:46","guid":{"rendered":"https:\/\/hundesport-wolfwil.ch\/?page_id=1617"},"modified":"2018-02-20T11:44:45","modified_gmt":"2018-02-20T10:44:45","slug":"klubhausvermietung","status":"publish","type":"page","link":"https:\/\/hundesport-wolfwil.ch\/?page_id=1617","title":{"rendered":"Klubhaus-Vermietung"},"content":{"rendered":"<ul>\n<li><span style=\"font-size: 1rem;\">Der Mietpreis ist Fr. 100.- f\u00fcr Mitglieder.<\/span><\/li>\n<li>Der Mietpreis ist Fr. 200.- f\u00fcr Nichtmitglieder.<\/li>\n<li>Das Klubhaus kann durch Nachfrage beim Vorstand gemietet werden.<\/li>\n<li>Die Miete ist an den Kassier\/erin zu entrichten.<\/li>\n<li>Die Schl\u00fcssel\u00fcbergabe findet gem\u00e4ss Absprache statt.<\/li>\n<li>Hunde haben keinen Zutritt zum Klubhaus.<br \/>\nAusnahmen sind: An sehr kalten Wintertagen, bei Gewitter oder Sturm.<\/li>\n<li>Die Tische, St\u00fchle und B\u00e4nke vor und im Klubhaus sind kein Aufenthaltsort oder Spielplatz f\u00fcr Hunde.<\/li>\n<li>Im Klubhaus ist absolutes Rauchverbot. An den S\u00e4ulen beim Vorbau sind Aschenbecher befestigt.<\/li>\n<li>Der \u00dcbungsplatz ist weder ein Abfallk\u00fcbel noch ein Aschenbecher.<\/li>\n<li>Halten Sie Ruhe, Ordnung und Sauberkeit im und um das Klubhaus.<\/li>\n<li>Das Inventar aus dem Klubhaus, muss beim Verlassen des Klubhauses, sauber gereinigt und auf den angestammten Platz, zur\u00fcckgelegt werden.<\/li>\n<li>Beim Verlassen des Klubhauses, m\u00fcssen alle Lampen, Heizk\u00f6rper und Elektroger\u00e4te abgestellt und die Wasserh\u00e4hne zugedreht werden.<\/li>\n<li>Abfalleimer und Reinigungsmaterial befinden sich im Klubhaus.<\/li>\n<li>Der Abfallcontainer befindet sich vor dem Klubhaus.<\/li>\n<li>Getr\u00e4nke sind im Klubhaus zu beziehen und sind dort zu begleichen.<\/li>\n<li>Die Preise sind im Klubhaus angeschlagen. \u00abehrlich w\u00e4hrt am L\u00e4ngsten\u00bb<\/li>\n<li>Der Vorstand beh\u00e4lt sich vor, die oben genannten Regeln zu kontrollieren, bei nicht Einhaltung der selben, wird eine erneute Vermietung verweigert!<\/li>\n<li>Der Mieter des Klubhauses erkl\u00e4rt sich durch seine Anfrage zur Miete zur Einhaltung der oben genannten Regeln, bereit.<\/li>\n<\/ul>\n","protected":false},"excerpt":{"rendered":"<p>Der Mietpreis ist Fr. 100.- f\u00fcr Mitglieder. Der Mietpreis ist Fr. 200.- f\u00fcr Nichtmitglieder. Das Klubhaus kann durch Nachfrage beim Vorstand gemietet werden. Die Miete ist an den Kassier\/erin zu &hellip; <\/p>\n<p class=\"link-more\"><a href=\"https:\/\/hundesport-wolfwil.ch\/?page_id=1617\" class=\"more-link\"><span class=\"screen-reader-text\">\u201eKlubhaus-Vermietung\u201c <\/span>weiterlesen<\/a><\/p>\n","protected":false},"author":3,"featured_media":0,"parent":68,"menu_order":3,"comment_status":"closed","ping_status":"closed","template":"","meta":{"ngg_post_thumbnail":0,"footnotes":""},"class_list":["post-1617","page","type-page","status-publish","hentry"],"_links":{"self":[{"href":"https:\/\/hundesport-wolfwil.ch\/index.php?rest_route=\/wp\/v2\/pages\/1617","targetHints":{"allow":["GET"]}}],"collection":[{"href":"https:\/\/hundesport-wolfwil.ch\/index.php?rest_route=\/wp\/v2\/pages"}],"about":[{"href":"https:\/\/hundesport-wolfwil.ch\/index.php?rest_route=\/wp\/v2\/types\/page"}],"author":[{"embeddable":true,"href":"https:\/\/hundesport-wolfwil.ch\/index.php?rest_route=\/wp\/v2\/users\/3"}],"replies":[{"embeddable":true,"href":"https:\/\/hundesport-wolfwil.ch\/index.php?rest_route=%2Fwp%2Fv2%2Fcomments&post=1617"}],"version-history":[{"count":10,"href":"https:\/\/hundesport-wolfwil.ch\/index.php?rest_route=\/wp\/v2\/pages\/1617\/revisions"}],"predecessor-version":[{"id":1721,"href":"https:\/\/hundesport-wolfwil.ch\/index.php?rest_route=\/wp\/v2\/pages\/1617\/revisions\/1721"}],"up":[{"embeddable":true,"href":"https:\/\/hundesport-wolfwil.ch\/index.php?rest_route=\/wp\/v2\/pages\/68"}],"wp:attachment":[{"href":"https:\/\/hundesport-wolfwil.ch\/index.php?rest_route=%2Fwp%2Fv2%2Fmedia&parent=1617"}],"curies":[{"name":"wp","href":"https:\/\/api.w.org\/{rel}","templated":true}]}}