{"id":2,"date":"2016-05-10T03:48:21","date_gmt":"2016-05-10T02:48:21","guid":{"rendered":"https:\/\/hundesport-wolfwil.ch\/?page_id=2"},"modified":"2024-03-16T21:02:29","modified_gmt":"2024-03-16T20:02:29","slug":"sample-page","status":"publish","type":"page","link":"https:\/\/hundesport-wolfwil.ch\/","title":{"rendered":"Willkommen"},"content":{"rendered":"\n<p><\/p>\n\n\n\n<p><strong>Herzlich Willkommen auf der Homepage vom Hundesportverein Wolfwil.<\/strong><br><br>Gegr\u00fcndet am 19. Mai 1948 als \u00abHunde-Sport-G\u00e4u\u00bb, feiern wir 2023 bereits unser 75-j\u00e4hriges Bestehen. Nach einem Namenswechsel am 18. April 1964 zu \u00abKynologischer Verein G\u00e4u und Umgebung\u00bb und dem Auftritt als eigenst\u00e4ndige Sektion der SKG, bestimmten wir in den 90er-Jahren unseren aktuellen Namen \u00abHundesportverein Wolfwil\u00bb \u2013 auch bekannt als \u00abHSV Wolfwil\u00bb.<br><br>Unser Ziel ist es, den Hundesport in verschiedenen Disziplinen zu f\u00f6rdern. Wir bieten verschiedene Kurse, Workshops sowie Trainingsgruppen an. So zum Beispiel Agility, Pr\u00fcfungsgruppe (f\u00fcr u.a. BH, IGBH, IGP), Familienhundegruppe, Hoopers, Jugend &amp; Hund, Mondioring, TrickDog, Welpen-\/Junghundekurse etc. Bei uns findest du sicher die Disziplin welche dir und deinem Hund am meisten Spass bereitet. &nbsp;&nbsp;<br><br>Wir w\u00fcnschen dir viel Spass beim durchst\u00f6bern unserer Homepage. Wenn du gerne mehr Informationen zu einem Kurs, einer Gruppe oder einer Veranstaltung haben m\u00f6chtest, stehen dir unsere jeweiligen Gruppenleiter oder der Vorstand gerne zur Verf\u00fcgung.<br><\/p>\n\n\n\n<p><br><\/p>\n\n\n\n<h2 class=\"wp-block-heading\"><strong>\u00dcbersicht unserer Angebote, Kurse und Workshops:<\/strong><\/h2>\n\n\n<p style=\"text-align: center;\"><a href=\"https:\/\/hundesport-wolfwil.ch\/wp-content\/uploads\/2024\/03\/HSVW_Kursangebot_2024_A5.pdf\">HSVW_Kursangebot_2024_A5<\/a><br><br><\/p>\n<p>&nbsp;<\/p>\n<p>&nbsp;<\/p>\n<hr>\n<p>\u00e4ltere Beitr\u00e4ge sind im Archiv vorzufinden. <a href=\"https:\/\/hundesport-wolfwil.ch\/?page_id=173\"><span style=\"color: #ff0000;\">ARCHIV<\/span><\/a><\/p>\n\n\n<p><\/p>\n\n\n\n<p><\/p>\n","protected":false},"excerpt":{"rendered":"<p>Herzlich Willkommen auf der Homepage vom Hundesportverein Wolfwil. Gegr\u00fcndet am 19. Mai 1948 als \u00abHunde-Sport-G\u00e4u\u00bb, feiern wir 2023 bereits unser 75-j\u00e4hriges Bestehen. Nach einem Namenswechsel am 18. April 1964 zu &hellip; <\/p>\n<p class=\"link-more\"><a href=\"https:\/\/hundesport-wolfwil.ch\/\" class=\"more-link\"><span class=\"screen-reader-text\">\u201eWillkommen\u201c <\/span>weiterlesen<\/a><\/p>\n","protected":false},"author":1,"featured_media":0,"parent":0,"menu_order":1,"comment_status":"closed","ping_status":"closed","template":"","meta":{"ngg_post_thumbnail":0,"footnotes":""},"class_list":["post-2","page","type-page","status-publish","hentry"],"_links":{"self":[{"href":"https:\/\/hundesport-wolfwil.ch\/index.php?rest_route=\/wp\/v2\/pages\/2","targetHints":{"allow":["GET"]}}],"collection":[{"href":"https:\/\/hundesport-wolfwil.ch\/index.php?rest_route=\/wp\/v2\/pages"}],"about":[{"href":"https:\/\/hundesport-wolfwil.ch\/index.php?rest_route=\/wp\/v2\/types\/page"}],"author":[{"embeddable":true,"href":"https:\/\/hundesport-wolfwil.ch\/index.php?rest_route=\/wp\/v2\/users\/1"}],"replies":[{"embeddable":true,"href":"https:\/\/hundesport-wolfwil.ch\/index.php?rest_route=%2Fwp%2Fv2%2Fcomments&post=2"}],"version-history":[{"count":78,"href":"https:\/\/hundesport-wolfwil.ch\/index.php?rest_route=\/wp\/v2\/pages\/2\/revisions"}],"predecessor-version":[{"id":5033,"href":"https:\/\/hundesport-wolfwil.ch\/index.php?rest_route=\/wp\/v2\/pages\/2\/revisions\/5033"}],"wp:attachment":[{"href":"https:\/\/hundesport-wolfwil.ch\/index.php?rest_route=%2Fwp%2Fv2%2Fmedia&parent=2"}],"curies":[{"name":"wp","href":"https:\/\/api.w.org\/{rel}","templated":true}]}}