{"id":248,"date":"2017-12-18T11:45:17","date_gmt":"2017-12-18T10:45:17","guid":{"rendered":"https:\/\/hundesport-wolfwil.ch\/?page_id=248"},"modified":"2023-06-30T13:46:17","modified_gmt":"2023-06-30T12:46:17","slug":"training","status":"publish","type":"page","link":"https:\/\/hundesport-wolfwil.ch\/?page_id=248","title":{"rendered":"Training"},"content":{"rendered":"<h1>Agility Training<\/h1>\n<p><u>Freitag<\/u><br \/>\n2-3 Gruppen<\/p>\n<p><u>Die erste Gruppe trifft sich 15 Minuten vor \u00dcbungsbeginn zum Aufstellen des Parcours.&nbsp;Die letzte Gruppe r\u00e4umt nach Trainingsschluss die Ger\u00e4te weg.<\/u><\/p>\n","protected":false},"excerpt":{"rendered":"<p>Agility Training Freitag 2-3 Gruppen Die erste Gruppe trifft sich 15 Minuten vor \u00dcbungsbeginn zum Aufstellen des Parcours.&nbsp;Die letzte Gruppe r\u00e4umt nach Trainingsschluss die Ger\u00e4te weg.<\/p>\n","protected":false},"author":3,"featured_media":0,"parent":57,"menu_order":1,"comment_status":"closed","ping_status":"closed","template":"","meta":{"ngg_post_thumbnail":0,"footnotes":""},"class_list":["post-248","page","type-page","status-publish","hentry"],"_links":{"self":[{"href":"https:\/\/hundesport-wolfwil.ch\/index.php?rest_route=\/wp\/v2\/pages\/248","targetHints":{"allow":["GET"]}}],"collection":[{"href":"https:\/\/hundesport-wolfwil.ch\/index.php?rest_route=\/wp\/v2\/pages"}],"about":[{"href":"https:\/\/hundesport-wolfwil.ch\/index.php?rest_route=\/wp\/v2\/types\/page"}],"author":[{"embeddable":true,"href":"https:\/\/hundesport-wolfwil.ch\/index.php?rest_route=\/wp\/v2\/users\/3"}],"replies":[{"embeddable":true,"href":"https:\/\/hundesport-wolfwil.ch\/index.php?rest_route=%2Fwp%2Fv2%2Fcomments&post=248"}],"version-history":[{"count":25,"href":"https:\/\/hundesport-wolfwil.ch\/index.php?rest_route=\/wp\/v2\/pages\/248\/revisions"}],"predecessor-version":[{"id":4950,"href":"https:\/\/hundesport-wolfwil.ch\/index.php?rest_route=\/wp\/v2\/pages\/248\/revisions\/4950"}],"up":[{"embeddable":true,"href":"https:\/\/hundesport-wolfwil.ch\/index.php?rest_route=\/wp\/v2\/pages\/57"}],"wp:attachment":[{"href":"https:\/\/hundesport-wolfwil.ch\/index.php?rest_route=%2Fwp%2Fv2%2Fmedia&parent=248"}],"curies":[{"name":"wp","href":"https:\/\/api.w.org\/{rel}","templated":true}]}}