{"id":3413,"date":"2019-03-09T12:52:19","date_gmt":"2019-03-09T11:52:19","guid":{"rendered":"https:\/\/hundesport-wolfwil.ch\/?page_id=3413"},"modified":"2024-04-14T19:27:35","modified_gmt":"2024-04-14T18:27:35","slug":"hoopers","status":"publish","type":"page","link":"https:\/\/hundesport-wolfwil.ch\/?page_id=3413","title":{"rendered":"Hoopers, NADAC, Hoopers Agility"},"content":{"rendered":"\n<h2 class=\"wp-block-heading\"><strong>NADAC oder Hoopers?<\/strong><\/h2>\n\n\n\n<p>Hoopers ist in der Schweiz erst seit ein paar Jahren bekannt. <br>Selbst beim Namen gibt es Unterschiede! Wenn \u00fcber Hoopers gesprochen wird, ist h\u00e4ufig auch von NADAC die Rede: NADAC bedeutet urspr\u00fcnglich North American Dog Agility Council und ist somit eine Hundeoragnisation in den USA. Da aber f\u00e4lschlicherweise von NADAC die Rede war, hat sich dieser Name f\u00fcr die Hoopers Arbeit etabliert, lasst euch also nicht verwirren.<br><br><strong>Was ist Hoopers?<\/strong><\/p>\n\n\n\n<p>Hoopers ist MItte der 90er Jahre in Amerika entstanden und \u00e4hnelt unserem Agility. Ein grosser Unterschied besteht ganz klar darin, dass der Hundef\u00fchrer nur einen begrenzen Bereich hat, in dem er sich aufhalten darf.<\/p>\n\n\n\n<p>Dies bedeutet, der Hund wird mit Kommandos und K\u00f6rpersprache, aus einer teilweise, sehr hohen Distanz gef\u00fchrt.<\/p>\n\n\n\n<p>Im Hoopers gibt es keine Spr\u00fcnge, sondern eben die sogenannten Hoops:<br>Hoops sind B\u00f6gen, durch die der Hund hindurch l\u00e4uft. Zus\u00e4tzlich zu den Hoops werden im Parcours auch noch andere Ger\u00e4te eingesetzt, wie Tunnel, Tonnen, Gates (Z\u00e4une) und Slalom.<\/p>\n\n\n\n<p>Dies erm\u00f6glicht, eine Vielfalt von Variationen, in die Parcours einzubauen. Angefangen von einfachen Kreisen, bis hin zu anspruchsvollen Kombinationen, kann ein Hoopers Parcours so komplex wie ein A3er im Agility sein und verlangt von Hund und Hundef\u00fchrer enorme Konzentration ab.<\/p>\n\n\n\n<p>Wer kann Hoopers machen?<\/p>\n\n\n\n<p>Was den Mensch anbelangt kann eigentlich jeder Hoopers aus\u00fcben, auch mit k\u00f6rperlichen Einschr\u00e4nkungen bis ins hohe Alter hinein. Generell kann sich auch fast jeder Hund bis ins hohe Alter hinein , z.B. nach der Agility-Karriere, an Hoopers erfreuen, da es keine Spr\u00fcnge mehr gibt.<\/p>\n\n\n\n<p>Allerdings w\u00e4re es falsch zu sagen, dass jeder Hund mit k\u00f6rperlichen Beschwerden, wie HD, ED, OCD, Spondylose etc. Hoopers machen kann. Ist der Hund extrem triebig, kann auch schon ein Parcours , nur mit Hoops und Tunneln, unter Umst\u00e4nden zu belastend f\u00fcr die Gelenke sein. Am besten, Sie kl\u00e4ren im Vorfeld, mit dem Tierarzt und\/oder Physiotherapeuten, Chiropraktier ab, ob Hoopers f\u00fcr den eigenen Hund in Frage kommt.<\/p>\n\n\n\n<p>Wie bei jedem Hundesprt gilt, dass man immer darauf achten muss, was f\u00fcr den jeweiligen Hund gesundheitsschonend und machbar ist. Dann steht dem Spass nichts mehr im Wege.<br>Wer neugierig geworden ist und Hoopers einmal selbst ausprobieren m\u00f6chte, kann sich gerne \u00fcber das Kontaktformular, f\u00fcr ein Schnuppertraining, bei mir Anmelden.<\/p>\n\n\n\n<p><\/p>\n\n\n\n<p><\/p>\n\n\n\n<p>Anmeldung<\/p>\n\n\n<div class=\"wpforms-container wpforms-container-full wpforms-block wpforms-block-049c3349-e903-4e4c-85bc-e77d88256390\" id=\"wpforms-4518\"><form id=\"wpforms-form-4518\" class=\"wpforms-validate wpforms-form\" data-formid=\"4518\" method=\"post\" enctype=\"multipart\/form-data\" action=\"\/index.php?rest_route=%2Fwp%2Fv2%2Fpages%2F3413\" data-token=\"c588d6e8dc453f27157b27d405a35f79\" data-token-time=\"1777695295\"><noscript class=\"wpforms-error-noscript\">Bitte aktiviere JavaScript in deinem Browser, um dieses Formular fertigzustellen.<\/noscript><div class=\"wpforms-field-container\"><div id=\"wpforms-4518-field_0-container\" class=\"wpforms-field wpforms-field-name\" data-field-id=\"0\"><label class=\"wpforms-field-label\" for=\"wpforms-4518-field_0\">Name <span class=\"wpforms-required-label\">*<\/span><\/label><div class=\"wpforms-field-row wpforms-field-medium\"><div class=\"wpforms-field-row-block wpforms-first wpforms-one-half\"><input type=\"text\" id=\"wpforms-4518-field_0\" class=\"wpforms-field-name-first wpforms-field-required\" name=\"wpforms[fields][0][first]\" placeholder=\"Vorname\" required><label for=\"wpforms-4518-field_0\" class=\"wpforms-field-sublabel after wpforms-sublabel-hide\">Vorname<\/label><\/div><div class=\"wpforms-field-row-block wpforms-one-half\"><input type=\"text\" id=\"wpforms-4518-field_0-last\" class=\"wpforms-field-name-last wpforms-field-required\" name=\"wpforms[fields][0][last]\" placeholder=\"Nachname\" required><label for=\"wpforms-4518-field_0-last\" class=\"wpforms-field-sublabel after wpforms-sublabel-hide\">Nachname<\/label><\/div><\/div><\/div><div id=\"wpforms-4518-field_1-container\" class=\"wpforms-field wpforms-field-email\" data-field-id=\"1\"><label class=\"wpforms-field-label\" for=\"wpforms-4518-field_1\">E-Mail <span class=\"wpforms-required-label\">*<\/span><\/label><div class=\"wpforms-field-row wpforms-field-medium\"><div class=\"wpforms-field-row-block wpforms-one-half wpforms-first\"><input type=\"email\" id=\"wpforms-4518-field_1\" class=\"wpforms-field-required wpforms-field-email-primary\" name=\"wpforms[fields][1][primary]\" placeholder=\"E-Mail\" spellcheck=\"false\" required><label for=\"wpforms-4518-field_1\" class=\"wpforms-field-sublabel after wpforms-sublabel-hide\">E-Mail-Adresse<\/label><\/div><div class=\"wpforms-field-row-block wpforms-one-half\"><input type=\"email\" id=\"wpforms-4518-field_1-secondary\" class=\"wpforms-field-email-secondary wpforms-field-required\" data-rule-confirm=\"#wpforms-4518-field_1\" name=\"wpforms[fields][1][secondary]\" placeholder=\"E-Mail best\u00e4tigen\" spellcheck=\"false\" required><label for=\"wpforms-4518-field_1-secondary\" class=\"wpforms-field-sublabel after wpforms-sublabel-hide\">E-Mail best\u00e4tigen<\/label><\/div><\/div><\/div><div id=\"wpforms-4518-field_2-container\" class=\"wpforms-field wpforms-field-textarea\" data-field-id=\"2\"><label class=\"wpforms-field-label\" for=\"wpforms-4518-field_2\">Ihre Nachricht: <span class=\"wpforms-required-label\">*<\/span><\/label><textarea id=\"wpforms-4518-field_2\" class=\"wpforms-field-medium wpforms-field-required\" name=\"wpforms[fields][2]\" required><\/textarea><\/div><\/div><!-- .wpforms-field-container --><div class=\"wpforms-field wpforms-field-hp\"><label for=\"wpforms-4518-field-hp\" class=\"wpforms-field-label\">Phone<\/label><input type=\"text\" name=\"wpforms[hp]\" id=\"wpforms-4518-field-hp\" class=\"wpforms-field-medium\"><\/div><div class=\"wpforms-submit-container\" ><input type=\"hidden\" name=\"wpforms[id]\" value=\"4518\"><input type=\"hidden\" name=\"page_title\" value=\"\"><input type=\"hidden\" name=\"page_url\" value=\"https:\/\/hundesport-wolfwil.ch\/index.php?rest_route=\/wp\/v2\/pages\/3413\"><input type=\"hidden\" name=\"url_referer\" value=\"\"><button type=\"submit\" name=\"wpforms[submit]\" id=\"wpforms-submit-4518\" class=\"wpforms-submit\" data-alt-text=\"Sende...\" data-submit-text=\"Senden\" aria-live=\"assertive\" value=\"wpforms-submit\">Senden<\/button><\/div><\/form><\/div>  <!-- .wpforms-container -->\n\n\n<figure class=\"wp-block-image size-full\"><img decoding=\"async\" src=\"https:\/\/hundesport-wolfwil.ch\/wp-content\/uploads\/2024\/04\/HSVW_Kursangebot_2024_A41_Einsteigerkurs.jpg\" alt=\"\" class=\"wp-image-5075\"\/><\/figure>\n","protected":false},"excerpt":{"rendered":"<p>NADAC oder Hoopers? Hoopers ist in der Schweiz erst seit ein paar Jahren bekannt. Selbst beim Namen gibt es Unterschiede! Wenn \u00fcber Hoopers gesprochen wird, ist h\u00e4ufig auch von NADAC &hellip; <\/p>\n<p class=\"link-more\"><a href=\"https:\/\/hundesport-wolfwil.ch\/?page_id=3413\" class=\"more-link\"><span class=\"screen-reader-text\">\u201eHoopers, NADAC, Hoopers Agility\u201c <\/span>weiterlesen<\/a><\/p>\n","protected":false},"author":2,"featured_media":0,"parent":0,"menu_order":0,"comment_status":"closed","ping_status":"closed","template":"","meta":{"ngg_post_thumbnail":0,"footnotes":""},"class_list":["post-3413","page","type-page","status-publish","hentry"],"_links":{"self":[{"href":"https:\/\/hundesport-wolfwil.ch\/index.php?rest_route=\/wp\/v2\/pages\/3413","targetHints":{"allow":["GET"]}}],"collection":[{"href":"https:\/\/hundesport-wolfwil.ch\/index.php?rest_route=\/wp\/v2\/pages"}],"about":[{"href":"https:\/\/hundesport-wolfwil.ch\/index.php?rest_route=\/wp\/v2\/types\/page"}],"author":[{"embeddable":true,"href":"https:\/\/hundesport-wolfwil.ch\/index.php?rest_route=\/wp\/v2\/users\/2"}],"replies":[{"embeddable":true,"href":"https:\/\/hundesport-wolfwil.ch\/index.php?rest_route=%2Fwp%2Fv2%2Fcomments&post=3413"}],"version-history":[{"count":19,"href":"https:\/\/hundesport-wolfwil.ch\/index.php?rest_route=\/wp\/v2\/pages\/3413\/revisions"}],"predecessor-version":[{"id":5115,"href":"https:\/\/hundesport-wolfwil.ch\/index.php?rest_route=\/wp\/v2\/pages\/3413\/revisions\/5115"}],"wp:attachment":[{"href":"https:\/\/hundesport-wolfwil.ch\/index.php?rest_route=%2Fwp%2Fv2%2Fmedia&parent=3413"}],"curies":[{"name":"wp","href":"https:\/\/api.w.org\/{rel}","templated":true}]}}